{"id":127,"date":"2007-09-30T20:35:02","date_gmt":"2007-10-01T07:03:04","guid":{"rendered":"http:\/\/thewhiteking.org\/?page_id=127"},"modified":"2007-10-27T14:13:32","modified_gmt":"2007-10-27T12:13:32","slug":"zyciorys","status":"publish","type":"page","link":"https:\/\/gyorgydragoman.com\/?page_id=127","title":{"rendered":"\u017cyciorys"},"content":{"rendered":"<p><img decoding=\"async\" class=\"kicsibalra\" src=\"http:\/\/thewhiteking.org\/kepek\/gyuri.jpg\" alt=\"Dgy photo\"  \/><br \/>\nGy\u00f6rgy Dragom\u00e1n urodzi\u0142 si\u0119 w 1973 roku w rumu\u0144skim Tirgu Mure\u015f. W 1988 przeni\u00f3s\u0142 si\u0119 wraz z rodzin\u0105 na W\u0119gry. Przek\u0142ada na j\u0119zyk w\u0119gierski takich autor\u00f3w jak Samuel Beckett, James Joyce, Ian McEwan, Irvine Welsh i Mikckey Donnelly. Debiutowa\u0142 powie\u015bci\u0105 &#8220;A puszt\u00edt\u00e1s k\u00f6nyve&#8221; (Ksi\u0119ga zniszczenia, 2002), za kt\u00f3r\u0105 otrzyma\u0142 nagrod\u0119 im.S\u00e1ndora Br\u00f3dyego. Druga powie\u015b\u0107, &#8220;Bia\u0142y kr\u00f3l&#8221; (A feh\u00e9r kir\u00e1ly, 2005) przynios\u0142a mu nagrod\u0119 im.Tibora D\u00e9ryego i nagrod\u0119 im.S\u00e1ndora M\u00e1raiego. Dragom\u00e1n ma r\u00f3wnie\u017c w dorobku nowele, bajki i sztuk\u0119 teatraln\u0105 &#8220;Nihil&#8221; (2003).W 2007 zosta\u0142 laureatem nagrody im.Attili J\u00f3zsefa<\/p>\n","protected":false},"excerpt":{"rendered":"<p>Gy\u00f6rgy Dragom\u00e1n urodzi\u0142 si\u0119 w 1973 roku w rumu\u0144skim Tirgu Mure\u015f. W 1988 przeni\u00f3s\u0142 si\u0119 wraz z rodzin\u0105 na W\u0119gry. Przek\u0142ada na j\u0119zyk w\u0119gierski takich autor\u00f3w jak Samuel Beckett, James [&hellip;]<\/p>\n","protected":false},"author":1,"featured_media":0,"parent":0,"menu_order":0,"comment_status":"closed","ping_status":"open","template":"","meta":{"footnotes":""},"class_list":["post-127","page","type-page","status-publish","hentry","has_no_thumb"],"_links":{"self":[{"href":"https:\/\/gyorgydragoman.com\/index.php?rest_route=\/wp\/v2\/pages\/127","targetHints":{"allow":["GET"]}}],"collection":[{"href":"https:\/\/gyorgydragoman.com\/index.php?rest_route=\/wp\/v2\/pages"}],"about":[{"href":"https:\/\/gyorgydragoman.com\/index.php?rest_route=\/wp\/v2\/types\/page"}],"author":[{"embeddable":true,"href":"https:\/\/gyorgydragoman.com\/index.php?rest_route=\/wp\/v2\/users\/1"}],"replies":[{"embeddable":true,"href":"https:\/\/gyorgydragoman.com\/index.php?rest_route=%2Fwp%2Fv2%2Fcomments&post=127"}],"version-history":[{"count":0,"href":"https:\/\/gyorgydragoman.com\/index.php?rest_route=\/wp\/v2\/pages\/127\/revisions"}],"wp:attachment":[{"href":"https:\/\/gyorgydragoman.com\/index.php?rest_route=%2Fwp%2Fv2%2Fmedia&parent=127"}],"curies":[{"name":"wp","href":"https:\/\/api.w.org\/{rel}","templated":true}]}}