{"id":1379,"date":"2015-10-30T10:20:57","date_gmt":"2015-10-30T08:20:57","guid":{"rendered":"http:\/\/gyorgydragoman.com\/?page_id=1379"},"modified":"2020-12-04T09:37:46","modified_gmt":"2020-12-04T07:37:46","slug":"konyveim","status":"publish","type":"page","link":"https:\/\/gyorgydragoman.com\/?page_id=1379","title":{"rendered":"K\u00f6nyveim"},"content":{"rendered":"<p>Magyarul eddig hat k\u00f6tetem jelent meg, h\u00e1rom reg\u00e9ny, k\u00e9t\u00a0 novell\u00e1sk\u00f6tet \u00e9s egy irodalmi szak\u00e1csk\u00f6nyv.<br \/>\n<a href=\"https:\/\/gyorgydragoman.com\/wp-content\/egyutt.jpg\"><img loading=\"lazy\" decoding=\"async\" class=\"aligncenter size-medium wp-image-1380\" src=\"https:\/\/gyorgydragoman.com\/wp-content\/egyutt-300x114.jpg\" alt=\"egyutt\" width=\"300\" height=\"114\" data-wp-pid=\"1380\" srcset=\"https:\/\/gyorgydragoman.com\/wp-content\/egyutt-300x114.jpg 300w, https:\/\/gyorgydragoman.com\/wp-content\/egyutt-1024x387.jpg 1024w, https:\/\/gyorgydragoman.com\/wp-content\/egyutt-624x236.jpg 624w, https:\/\/gyorgydragoman.com\/wp-content\/egyutt-800x303.jpg 800w, https:\/\/gyorgydragoman.com\/wp-content\/egyutt-1200x454.jpg 1200w\" sizes=\"auto, (max-width: 300px) 100vw, 300px\" \/><\/a><\/p>\n","protected":false},"excerpt":{"rendered":"<p>Magyarul eddig hat k\u00f6tetem jelent meg, h\u00e1rom reg\u00e9ny, k\u00e9t\u00a0 novell\u00e1sk\u00f6tet \u00e9s egy irodalmi szak\u00e1csk\u00f6nyv.<\/p>\n","protected":false},"author":1,"featured_media":1380,"parent":0,"menu_order":0,"comment_status":"closed","ping_status":"closed","template":"","meta":{"footnotes":""},"class_list":["post-1379","page","type-page","status-publish","has-post-thumbnail","hentry","has_thumb"],"_links":{"self":[{"href":"https:\/\/gyorgydragoman.com\/index.php?rest_route=\/wp\/v2\/pages\/1379","targetHints":{"allow":["GET"]}}],"collection":[{"href":"https:\/\/gyorgydragoman.com\/index.php?rest_route=\/wp\/v2\/pages"}],"about":[{"href":"https:\/\/gyorgydragoman.com\/index.php?rest_route=\/wp\/v2\/types\/page"}],"author":[{"embeddable":true,"href":"https:\/\/gyorgydragoman.com\/index.php?rest_route=\/wp\/v2\/users\/1"}],"replies":[{"embeddable":true,"href":"https:\/\/gyorgydragoman.com\/index.php?rest_route=%2Fwp%2Fv2%2Fcomments&post=1379"}],"version-history":[{"count":4,"href":"https:\/\/gyorgydragoman.com\/index.php?rest_route=\/wp\/v2\/pages\/1379\/revisions"}],"predecessor-version":[{"id":2714,"href":"https:\/\/gyorgydragoman.com\/index.php?rest_route=\/wp\/v2\/pages\/1379\/revisions\/2714"}],"wp:featuredmedia":[{"embeddable":true,"href":"https:\/\/gyorgydragoman.com\/index.php?rest_route=\/wp\/v2\/media\/1380"}],"wp:attachment":[{"href":"https:\/\/gyorgydragoman.com\/index.php?rest_route=%2Fwp%2Fv2%2Fmedia&parent=1379"}],"curies":[{"name":"wp","href":"https:\/\/api.w.org\/{rel}","templated":true}]}}