{"id":187,"date":"2007-09-30T20:35:02","date_gmt":"2008-02-29T14:43:42","guid":{"rendered":"http:\/\/gyorgydragoman.com\/?page_id=187"},"modified":"2008-02-29T16:43:42","modified_gmt":"2008-02-29T14:43:42","slug":"liv","status":"publish","type":"page","link":"https:\/\/gyorgydragoman.com\/?page_id=187","title":{"rendered":"Liv"},"content":{"rendered":"<p><img ALT=\"Dgy photo\" SRC=\"http:\/\/thewhiteking.org\/kepek\/gyuri.jpg\" CLASS=\"kicsibalra\" \/><br \/>\nGy\u00f6rgy Dragom\u00e1n ble f\u00f8dt i 1973 og vokste opp som barn av ungarske foreldre i Romania. I 1988 flyttet familien hans til Ungarn. Dragom\u00e1n debuterte med romanen Genesis Undone i 2003. Den hvite kongen er hans andre roman, som allerede skal utgis i en rekke land.  Dragom\u00e1n har studert engelsk og filosofi, og han har oversatt verker av blant andre Samuel Beckett, James Joyce, Irvine Welsh og Micky Donnelly til ungarsk.<\/p>\n","protected":false},"excerpt":{"rendered":"<p>Gy\u00f6rgy Dragom\u00e1n ble f\u00f8dt i 1973 og vokste opp som barn av ungarske foreldre i Romania. I 1988 flyttet familien hans til Ungarn. Dragom\u00e1n debuterte med romanen Genesis Undone i [&hellip;]<\/p>\n","protected":false},"author":1,"featured_media":0,"parent":0,"menu_order":0,"comment_status":"closed","ping_status":"open","template":"","meta":{"footnotes":""},"class_list":["post-187","page","type-page","status-publish","hentry","has_no_thumb"],"_links":{"self":[{"href":"https:\/\/gyorgydragoman.com\/index.php?rest_route=\/wp\/v2\/pages\/187","targetHints":{"allow":["GET"]}}],"collection":[{"href":"https:\/\/gyorgydragoman.com\/index.php?rest_route=\/wp\/v2\/pages"}],"about":[{"href":"https:\/\/gyorgydragoman.com\/index.php?rest_route=\/wp\/v2\/types\/page"}],"author":[{"embeddable":true,"href":"https:\/\/gyorgydragoman.com\/index.php?rest_route=\/wp\/v2\/users\/1"}],"replies":[{"embeddable":true,"href":"https:\/\/gyorgydragoman.com\/index.php?rest_route=%2Fwp%2Fv2%2Fcomments&post=187"}],"version-history":[{"count":0,"href":"https:\/\/gyorgydragoman.com\/index.php?rest_route=\/wp\/v2\/pages\/187\/revisions"}],"wp:attachment":[{"href":"https:\/\/gyorgydragoman.com\/index.php?rest_route=%2Fwp%2Fv2%2Fmedia&parent=187"}],"curies":[{"name":"wp","href":"https:\/\/api.w.org\/{rel}","templated":true}]}}