{"id":279,"date":"2007-09-30T20:35:02","date_gmt":"2009-06-26T11:44:55","guid":{"rendered":"http:\/\/gyorgydragoman.com\/?page_id=279"},"modified":"2009-06-26T13:44:55","modified_gmt":"2009-06-26T11:44:55","slug":"biografia","status":"publish","type":"page","link":"https:\/\/gyorgydragoman.com\/?page_id=279","title":{"rendered":"Biografia"},"content":{"rendered":"<p>[photopress:Gyorgy_Dragoman_2009.jpg,thumb,alignleft]Gy\u00f6rgy Dragoman, nato nel 1973 in Romania, vive da una ventina d\u2019anni in Ungheria. Al suo attivo, oltre che a racconti, fiabe e testi per il teatro, ci sono due romanzi: \u201cIl libro della distruzione\u201d (2002), non ancora tradotto in italiano, e \u201cIl re bianco\u201d. Con il primo volume ha ottenuto il Bordy Prize, con il secondo il premio alla memoria di due scrittori ungheresi: Tibor D\u00e9ry e S\u00e1ndor M\u00e1rai. L\u2019attivit\u00e0 di Gy\u00f6rgy Dragoman nel campo letterario, si completa con quella di traduttore d\u2019autori importanti come Beckett, Joyce o Irvine Welsh.<\/p>\n","protected":false},"excerpt":{"rendered":"<p>[photopress:Gyorgy_Dragoman_2009.jpg,thumb,alignleft]Gy\u00f6rgy Dragoman, nato nel 1973 in Romania, vive da una ventina d\u2019anni in Ungheria. Al suo attivo, oltre che a racconti, fiabe e testi per il teatro, ci sono due [&hellip;]<\/p>\n","protected":false},"author":1,"featured_media":0,"parent":0,"menu_order":0,"comment_status":"closed","ping_status":"open","template":"","meta":{"footnotes":""},"class_list":["post-279","page","type-page","status-publish","hentry","has_no_thumb"],"_links":{"self":[{"href":"https:\/\/gyorgydragoman.com\/index.php?rest_route=\/wp\/v2\/pages\/279","targetHints":{"allow":["GET"]}}],"collection":[{"href":"https:\/\/gyorgydragoman.com\/index.php?rest_route=\/wp\/v2\/pages"}],"about":[{"href":"https:\/\/gyorgydragoman.com\/index.php?rest_route=\/wp\/v2\/types\/page"}],"author":[{"embeddable":true,"href":"https:\/\/gyorgydragoman.com\/index.php?rest_route=\/wp\/v2\/users\/1"}],"replies":[{"embeddable":true,"href":"https:\/\/gyorgydragoman.com\/index.php?rest_route=%2Fwp%2Fv2%2Fcomments&post=279"}],"version-history":[{"count":0,"href":"https:\/\/gyorgydragoman.com\/index.php?rest_route=\/wp\/v2\/pages\/279\/revisions"}],"wp:attachment":[{"href":"https:\/\/gyorgydragoman.com\/index.php?rest_route=%2Fwp%2Fv2%2Fmedia&parent=279"}],"curies":[{"name":"wp","href":"https:\/\/api.w.org\/{rel}","templated":true}]}}