{"id":28,"date":"2006-04-24T11:27:38","date_gmt":"2006-02-19T11:33:24","guid":{"rendered":"http:\/\/thewhiteking.org\/?page_id=28"},"modified":"2015-10-30T10:26:03","modified_gmt":"2015-10-30T08:26:03","slug":"a-feher-kiraly","status":"publish","type":"page","link":"https:\/\/gyorgydragoman.com\/?page_id=28","title":{"rendered":"A feh\u00e9r kir\u00e1ly"},"content":{"rendered":"<figure id=\"attachment_495\" aria-describedby=\"caption-attachment-495\" style=\"width: 225px\" class=\"wp-caption alignleft\"><a href=\"https:\/\/gyorgydragoman.com\/wp-content\/Dragom\u00e1n-Gy\u00f6rgy-Polcrendez\u00e9s.jpg\"><img loading=\"lazy\" decoding=\"async\" class=\"wp-image-495 size-medium\" src=\"https:\/\/gyorgydragoman.com\/wp-content\/Dragom\u00e1n-Gy\u00f6rgy-Polcrendez\u00e9s-225x300.jpg\" alt=\"A feh\u00e9r kir\u00e1ly majdnem \u00f6sszes kiad\u00e1s\u00e1val a karomban.\" width=\"225\" height=\"300\" srcset=\"https:\/\/gyorgydragoman.com\/wp-content\/Dragom\u00e1n-Gy\u00f6rgy-Polcrendez\u00e9s-225x300.jpg 225w, https:\/\/gyorgydragoman.com\/wp-content\/Dragom\u00e1n-Gy\u00f6rgy-Polcrendez\u00e9s-768x1024.jpg 768w, https:\/\/gyorgydragoman.com\/wp-content\/Dragom\u00e1n-Gy\u00f6rgy-Polcrendez\u00e9s-624x832.jpg 624w, https:\/\/gyorgydragoman.com\/wp-content\/Dragom\u00e1n-Gy\u00f6rgy-Polcrendez\u00e9s-800x1067.jpg 800w, https:\/\/gyorgydragoman.com\/wp-content\/Dragom\u00e1n-Gy\u00f6rgy-Polcrendez\u00e9s-1200x1600.jpg 1200w\" sizes=\"auto, (max-width: 225px) 100vw, 225px\" \/><\/a><figcaption id=\"caption-attachment-495\" class=\"wp-caption-text\">A feh\u00e9r kir\u00e1ly majdnem \u00f6sszes kiad\u00e1s\u00e1val a karomban.<\/figcaption><\/figure>\n<p>A feh\u00e9r kir\u00e1ly a m\u00e1sodik reg\u00e9nyem, 2005-ben jelent meg a Magvet\u0151 kiad\u00f3n\u00e1l, azt\u00e1n m\u00e9g harminc nyelven vil\u00e1gszerte, K\u00edn\u00e1t\u00f3l Braz\u00edli\u00e1ig. A New York Times azt \u00edrta r\u00f3la, \u00a0&#8220;s\u00f6t\u00e9ten sz\u00e9ps\u00e9ges reg\u00e9ny&#8221;.<\/p>\n<p>A reg\u00e9ny valahol Erd\u00e9lyben j\u00e1tsz\u00f3dik, valamikor a diktat\u00fara \u00e9vei alatt, \u00e9s azt mes\u00e9li el, hogy milyen kalandok k\u00f6zepette \u00e9li t\u00fal a tizenk\u00e9t\u00e9ves Dzsata \u00e9lete legnehezebb \u00e9v\u00e9t.<\/p>\n<p>Nagy \u00f6r\u00f6m, hogy itthon is szeretik a k\u00f6nyvet az olvas\u00f3k, lassan kezd klasszikuss\u00e1 v\u00e1lni, sok gimn\u00e1ziumban \u00e9retts\u00e9gizni is lehetett bel\u0151le.<\/p>\n<p>K\u00f6zben megjelent a reg\u00e9ny \u00faj, jav\u00edtott kiad\u00e1sa, \u00faj bor\u00edt\u00f3val, \u00faj t\u00f6rdel\u00e9ssel, r\u00e1ad\u00e1sul azt a p\u00e1r hib\u00e1t is kijav\u00edtottam benne, amit megtal\u00e1ltak benne a dr\u00e1ga ford\u00edt\u00f3im.<\/p>\n<p>&nbsp;<\/p>\n<h3>Vedd meg itt:<\/h3>\n<p><a href=\"http:\/\/irokboltja.hu\/?t=productoverview&#038;kod=11176569\">Ir\u00f3k boltja<\/a><\/p>\n<p><a href=\"http:\/\/www.lira.hu\/hu\/konyv\/szepirodalom\/felnottirodalom\/regenyek\/a-feher-kiraly-ukh-2005\">L\u00edra<\/a><\/p>\n<p><a href=\"http:\/\/www.libri.hu\/konyv\/dragoman_gyorgy.a-feher-kiraly-3.html\">Libri<\/a><\/p>\n<p><a href=\"http:\/\/bookline.hu\/product\/home!execute.action?_v=Dragoman_Gyorgy_A_feher_kiraly&#038;id=275415&#038;type=22\">Bookline<\/a><\/p>\n<p>&nbsp;<\/p>\n","protected":false},"excerpt":{"rendered":"<p>A feh\u00e9r kir\u00e1ly a m\u00e1sodik reg\u00e9nyem, 2005-ben jelent meg a Magvet\u0151 kiad\u00f3n\u00e1l, azt\u00e1n m\u00e9g harminc nyelven vil\u00e1gszerte, K\u00edn\u00e1t\u00f3l Braz\u00edli\u00e1ig. A New York Times azt \u00edrta r\u00f3la, \u00a0&#8220;s\u00f6t\u00e9ten sz\u00e9ps\u00e9ges reg\u00e9ny&#8221;. A [&hellip;]<\/p>\n","protected":false},"author":1,"featured_media":495,"parent":1379,"menu_order":0,"comment_status":"closed","ping_status":"open","template":"","meta":{"footnotes":""},"class_list":["post-28","page","type-page","status-publish","has-post-thumbnail","hentry","has_thumb"],"_links":{"self":[{"href":"https:\/\/gyorgydragoman.com\/index.php?rest_route=\/wp\/v2\/pages\/28","targetHints":{"allow":["GET"]}}],"collection":[{"href":"https:\/\/gyorgydragoman.com\/index.php?rest_route=\/wp\/v2\/pages"}],"about":[{"href":"https:\/\/gyorgydragoman.com\/index.php?rest_route=\/wp\/v2\/types\/page"}],"author":[{"embeddable":true,"href":"https:\/\/gyorgydragoman.com\/index.php?rest_route=\/wp\/v2\/users\/1"}],"replies":[{"embeddable":true,"href":"https:\/\/gyorgydragoman.com\/index.php?rest_route=%2Fwp%2Fv2%2Fcomments&post=28"}],"version-history":[{"count":5,"href":"https:\/\/gyorgydragoman.com\/index.php?rest_route=\/wp\/v2\/pages\/28\/revisions"}],"predecessor-version":[{"id":952,"href":"https:\/\/gyorgydragoman.com\/index.php?rest_route=\/wp\/v2\/pages\/28\/revisions\/952"}],"up":[{"embeddable":true,"href":"https:\/\/gyorgydragoman.com\/index.php?rest_route=\/wp\/v2\/pages\/1379"}],"wp:featuredmedia":[{"embeddable":true,"href":"https:\/\/gyorgydragoman.com\/index.php?rest_route=\/wp\/v2\/media\/495"}],"wp:attachment":[{"href":"https:\/\/gyorgydragoman.com\/index.php?rest_route=%2Fwp%2Fv2%2Fmedia&parent=28"}],"curies":[{"name":"wp","href":"https:\/\/api.w.org\/{rel}","templated":true}]}}