{"id":281,"date":"2007-09-30T20:35:02","date_gmt":"2009-10-12T13:31:04","guid":{"rendered":"http:\/\/gyorgydragoman.com\/?page_id=281"},"modified":"2009-10-12T15:31:04","modified_gmt":"2009-10-12T13:31:04","slug":"biograf","status":"publish","type":"page","link":"https:\/\/gyorgydragoman.com\/?page_id=281","title":{"rendered":"Biograf"},"content":{"rendered":"<p>[photopress:Gyorgy_Dragoman_2009.jpg,thumb,alignleft]Gy\u00f6rgy Dragom\u00e1n \u00e4r f\u00f6dd i Rum\u00e4nien 1973 och emigrerade till Ungern med sin familj 1988. Han har studerat filosofi och engelska vid Budapest universitet och arbetar f\u00f6r tillf\u00e4llet p\u00e5 en doktorsavhandling om Samuel Becketts roman Watt. Han har \u00f6versatt flera engelskspr\u00e5kiga f\u00f6rfattare till ungerska, bland andra Samuel Beckett, James Joyce, Ian McEwan och Irvine Welsh.<br \/>\nDragom\u00e1n \u00e4r aktuell p\u00e5 svenska med romanen Den vita kungen, en skildring av ett totalit\u00e4rt kommunistiskt samh\u00e4lle ur en elva\u00e5rig pojkes perspektiv. Romanen har \u00e4ven \u00f6versatts till en l\u00e5ng rad andra spr\u00e5k.<br \/>\nGy\u00f6rgy Dragom\u00e1n bor i Budapest med fru och tv\u00e5 barn och skriver p\u00e5 en ny roman.<\/p>\n","protected":false},"excerpt":{"rendered":"<p>[photopress:Gyorgy_Dragoman_2009.jpg,thumb,alignleft]Gy\u00f6rgy Dragom\u00e1n \u00e4r f\u00f6dd i Rum\u00e4nien 1973 och emigrerade till Ungern med sin familj 1988. Han har studerat filosofi och engelska vid Budapest universitet och arbetar f\u00f6r tillf\u00e4llet p\u00e5 en [&hellip;]<\/p>\n","protected":false},"author":1,"featured_media":0,"parent":0,"menu_order":0,"comment_status":"closed","ping_status":"open","template":"","meta":{"footnotes":""},"class_list":["post-281","page","type-page","status-publish","hentry","has_no_thumb"],"_links":{"self":[{"href":"https:\/\/gyorgydragoman.com\/index.php?rest_route=\/wp\/v2\/pages\/281","targetHints":{"allow":["GET"]}}],"collection":[{"href":"https:\/\/gyorgydragoman.com\/index.php?rest_route=\/wp\/v2\/pages"}],"about":[{"href":"https:\/\/gyorgydragoman.com\/index.php?rest_route=\/wp\/v2\/types\/page"}],"author":[{"embeddable":true,"href":"https:\/\/gyorgydragoman.com\/index.php?rest_route=\/wp\/v2\/users\/1"}],"replies":[{"embeddable":true,"href":"https:\/\/gyorgydragoman.com\/index.php?rest_route=%2Fwp%2Fv2%2Fcomments&post=281"}],"version-history":[{"count":0,"href":"https:\/\/gyorgydragoman.com\/index.php?rest_route=\/wp\/v2\/pages\/281\/revisions"}],"wp:attachment":[{"href":"https:\/\/gyorgydragoman.com\/index.php?rest_route=%2Fwp%2Fv2%2Fmedia&parent=281"}],"curies":[{"name":"wp","href":"https:\/\/api.w.org\/{rel}","templated":true}]}}