{"id":309,"date":"2007-09-30T20:35:02","date_gmt":"2010-03-07T10:49:47","guid":{"rendered":"http:\/\/gyorgydragoman.com\/?page_id=309&amp;language=es"},"modified":"2010-03-07T12:49:47","modified_gmt":"2010-03-07T10:49:47","slug":"biografia-2","status":"publish","type":"page","link":"https:\/\/gyorgydragoman.com\/?page_id=309","title":{"rendered":"Biografia"},"content":{"rendered":"<p>[photopress:Gyorgy_Dragoman_2009.jpg,thumb,alignleft]Gy\u00f6rgy Dragom\u00e1n es un autor y traductor literario hungaro nacido en Transilvania (Romania). Estudi\u00f3 ingl\u00e9s y filosof\u00eda en Budapest y ha recibido diversos premios por sus escritos, incluyendo el premio S\u00e1ndor Br\u00f3dy. El rey blanco es su trabajo m\u00e1s conocido y el que catapult\u00f3 a este autor a la fama literaria internacional, debido a las muy favorables cr\u00edticas que el libro recibi\u00f3 por parte de medios influyentes tales como el New York Times. Ha sido traducido a 28 idiomas y aclamado por la cr\u00edtica.<\/p>\n","protected":false},"excerpt":{"rendered":"<p>[photopress:Gyorgy_Dragoman_2009.jpg,thumb,alignleft]Gy\u00f6rgy Dragom\u00e1n es un autor y traductor literario hungaro nacido en Transilvania (Romania). Estudi\u00f3 ingl\u00e9s y filosof\u00eda en Budapest y ha recibido diversos premios por sus escritos, incluyendo el premio [&hellip;]<\/p>\n","protected":false},"author":1,"featured_media":0,"parent":0,"menu_order":0,"comment_status":"closed","ping_status":"open","template":"","meta":{"footnotes":""},"class_list":["post-309","page","type-page","status-publish","hentry","has_no_thumb"],"_links":{"self":[{"href":"https:\/\/gyorgydragoman.com\/index.php?rest_route=\/wp\/v2\/pages\/309","targetHints":{"allow":["GET"]}}],"collection":[{"href":"https:\/\/gyorgydragoman.com\/index.php?rest_route=\/wp\/v2\/pages"}],"about":[{"href":"https:\/\/gyorgydragoman.com\/index.php?rest_route=\/wp\/v2\/types\/page"}],"author":[{"embeddable":true,"href":"https:\/\/gyorgydragoman.com\/index.php?rest_route=\/wp\/v2\/users\/1"}],"replies":[{"embeddable":true,"href":"https:\/\/gyorgydragoman.com\/index.php?rest_route=%2Fwp%2Fv2%2Fcomments&post=309"}],"version-history":[{"count":0,"href":"https:\/\/gyorgydragoman.com\/index.php?rest_route=\/wp\/v2\/pages\/309\/revisions"}],"wp:attachment":[{"href":"https:\/\/gyorgydragoman.com\/index.php?rest_route=%2Fwp%2Fv2%2Fmedia&parent=309"}],"curies":[{"name":"wp","href":"https:\/\/api.w.org\/{rel}","templated":true}]}}