{"id":54,"date":"2006-04-19T01:27:28","date_gmt":"2006-04-19T00:27:28","guid":{"rendered":"http:\/\/thewhiteking.org\/?page_id=54"},"modified":"2014-03-15T23:22:16","modified_gmt":"2014-03-15T21:22:16","slug":"cv","status":"publish","type":"page","link":"https:\/\/gyorgydragoman.com\/?page_id=54","title":{"rendered":"CV"},"content":{"rendered":"<p><strong>Gy\u00f6rgy Dragom\u00e1n<\/strong><\/p>\n<p><em>writer, translator, married to Anna T. Szab\u00f3 <\/em><\/p>\n<p><strong>1973<\/strong> born in Marosv\u00e1s\u00e1rhely (Tirgu Mures), Romania<\/p>\n<p><strong>1988<\/strong> moved to Hungary<\/p>\n<p><strong>1992<\/strong> finished secondary school<\/p>\n<p><strong>1992-1998<\/strong> ELTE University Budapest, majoring in English and Philosophy<\/p>\n<p><strong>1998-2001<\/strong> Phd ELTE University Budapest<\/p>\n<p><strong>2002<\/strong> publishes first novel <em>A puszt\u00edt\u00e1s k\u00f6nyve<\/em> (The Book of Destruction), Balassi Publishiers<br \/>\nawarded Soros scholarship<br \/>\nawarded special prize of the Mozg\u00f3 Vil\u00e1g literary journal<\/p>\n<p><strong>2003<\/strong> awarded Brody prize for the best first novel of 2002<br \/>\n<em>Nihil<\/em>, his first play is read at the P\u00e9cs Drama Festival<\/p>\n<p><strong>2005<\/strong> publishes second novel <em>A feh\u00e9r kir\u00e1ly<\/em> (The White King) Magvet\u0151 Publishers<br \/>\nawarded D\u00e9ry Tibor prize<\/p>\n<p><strong>2006<\/strong> awarded S\u00e1ndor M\u00e1rai Prize<br \/>\nScholarship holder of the Academy of Fine Arts in Berlin<br \/>\nawarded Artisjus Prize<\/p>\n<p><strong>2007<\/strong> awarded Attila J\u00f3zsef Prize<\/p>\n<p><strong>2008<\/strong>\u00a0Awarded\u00a0M\u00e1rciusi\u00a0Ifjak\u00a0Prize<br \/>\nWinner of the Litera Prize<br \/>\nresidency, Literarisches Colloquium Berlin<br \/>\nAwarded Cultural Prize of the Romanian Cultural Center in Budapest<br \/>\nawarded special prize of the Mozg\u00f3 Vil\u00e1g literary journal for the second time<\/p>\n<p><strong>2009 <\/strong>\u00a0ULN\u00d6\u00a0residency Krems, Austria<\/p>\n<p><strong>2011 <\/strong>Awarded Jan Michalski Prize<\/p>\n<p><strong>2013 <\/strong> Translation Lab residency, OMI, Ledig House<\/p>\n<p><strong>2014 <\/strong>\u00a0Writer in Residence as Helsinki Collegium of Advanced Studies, Finland<\/p>\n<p><em>Languages: Hungarian, English, Romanian, German,<\/em><\/p>\n<p><em>Also works as a translator, among many others has translated works by Samuel Beckett, James Joyce, Ian McEwan, Ivrine Welsh and Mickey Donelly to Hungarian.<\/em><\/p>\n","protected":false},"excerpt":{"rendered":"<p>Gy\u00f6rgy Dragom\u00e1n writer, translator, married to Anna T. Szab\u00f3 1973 born in Marosv\u00e1s\u00e1rhely (Tirgu Mures), Romania 1988 moved to Hungary 1992 finished secondary school 1992-1998 ELTE University Budapest, majoring in [&hellip;]<\/p>\n","protected":false},"author":1,"featured_media":0,"parent":0,"menu_order":5,"comment_status":"closed","ping_status":"open","template":"","meta":{"footnotes":""},"class_list":["post-54","page","type-page","status-publish","hentry","has_no_thumb"],"_links":{"self":[{"href":"https:\/\/gyorgydragoman.com\/index.php?rest_route=\/wp\/v2\/pages\/54","targetHints":{"allow":["GET"]}}],"collection":[{"href":"https:\/\/gyorgydragoman.com\/index.php?rest_route=\/wp\/v2\/pages"}],"about":[{"href":"https:\/\/gyorgydragoman.com\/index.php?rest_route=\/wp\/v2\/types\/page"}],"author":[{"embeddable":true,"href":"https:\/\/gyorgydragoman.com\/index.php?rest_route=\/wp\/v2\/users\/1"}],"replies":[{"embeddable":true,"href":"https:\/\/gyorgydragoman.com\/index.php?rest_route=%2Fwp%2Fv2%2Fcomments&post=54"}],"version-history":[{"count":0,"href":"https:\/\/gyorgydragoman.com\/index.php?rest_route=\/wp\/v2\/pages\/54\/revisions"}],"wp:attachment":[{"href":"https:\/\/gyorgydragoman.com\/index.php?rest_route=%2Fwp%2Fv2%2Fmedia&parent=54"}],"curies":[{"name":"wp","href":"https:\/\/api.w.org\/{rel}","templated":true}]}}