{"id":60,"date":"2006-04-26T15:19:39","date_gmt":"2006-04-26T14:19:39","guid":{"rendered":"http:\/\/thewhiteking.org\/?page_id=60"},"modified":"2014-08-25T08:25:30","modified_gmt":"2014-08-25T06:25:30","slug":"fenykepek","status":"publish","type":"page","link":"https:\/\/gyorgydragoman.com\/?page_id=60","title":{"rendered":"Foto"},"content":{"rendered":"<p><div id='gallery-1' class='gallery galleryid-60 gallery-columns-3 gallery-size-thumbnail'><figure class='gallery-item'>\n\t\t\t<div class='gallery-icon portrait'>\n\t\t\t\t<a href='https:\/\/gyorgydragoman.com\/?attachment_id=588'><img loading=\"lazy\" decoding=\"async\" width=\"150\" height=\"150\" src=\"https:\/\/gyorgydragoman.com\/wp-content\/Dragoman-Portrait-2-300x300.jpg\" class=\"attachment-thumbnail size-thumbnail\" alt=\"\" srcset=\"https:\/\/gyorgydragoman.com\/wp-content\/Dragoman-Portrait-2-300x300.jpg 300w, https:\/\/gyorgydragoman.com\/wp-content\/Dragoman-Portrait-2-800x800-cropped.jpg 800w\" sizes=\"auto, (max-width: 150px) 100vw, 150px\" \/><\/a>\n\t\t\t<\/div><\/figure><figure class='gallery-item'>\n\t\t\t<div class='gallery-icon portrait'>\n\t\t\t\t<a href='https:\/\/gyorgydragoman.com\/?attachment_id=589'><img loading=\"lazy\" decoding=\"async\" width=\"150\" height=\"150\" src=\"https:\/\/gyorgydragoman.com\/wp-content\/Dragoman-Gyorgy-at-work-300x300.jpg\" class=\"attachment-thumbnail size-thumbnail\" alt=\"\" srcset=\"https:\/\/gyorgydragoman.com\/wp-content\/Dragoman-Gyorgy-at-work-300x300.jpg 300w, https:\/\/gyorgydragoman.com\/wp-content\/Dragoman-Gyorgy-at-work-800x800-cropped.jpg 800w\" sizes=\"auto, (max-width: 150px) 100vw, 150px\" \/><\/a>\n\t\t\t<\/div><\/figure><figure class='gallery-item'>\n\t\t\t<div class='gallery-icon portrait'>\n\t\t\t\t<a href='https:\/\/gyorgydragoman.com\/?attachment_id=590'><img loading=\"lazy\" decoding=\"async\" width=\"150\" height=\"150\" src=\"https:\/\/gyorgydragoman.com\/wp-content\/Dragoman-Gyorgy-by-Lenke-Szilagyi-300x300.jpg\" class=\"attachment-thumbnail size-thumbnail\" alt=\"\" srcset=\"https:\/\/gyorgydragoman.com\/wp-content\/Dragoman-Gyorgy-by-Lenke-Szilagyi-300x300.jpg 300w, https:\/\/gyorgydragoman.com\/wp-content\/Dragoman-Gyorgy-by-Lenke-Szilagyi-600x600-cropped.jpg 600w\" sizes=\"auto, (max-width: 150px) 100vw, 150px\" \/><\/a>\n\t\t\t<\/div><\/figure><figure class='gallery-item'>\n\t\t\t<div class='gallery-icon portrait'>\n\t\t\t\t<a href='https:\/\/gyorgydragoman.com\/?attachment_id=591'><img loading=\"lazy\" decoding=\"async\" width=\"150\" height=\"150\" src=\"https:\/\/gyorgydragoman.com\/wp-content\/Dragoman-Gyorgy-Cover-300x300.jpg\" class=\"attachment-thumbnail size-thumbnail\" alt=\"\" srcset=\"https:\/\/gyorgydragoman.com\/wp-content\/Dragoman-Gyorgy-Cover-300x300.jpg 300w, https:\/\/gyorgydragoman.com\/wp-content\/Dragoman-Gyorgy-Cover-800x800-cropped.jpg 800w\" sizes=\"auto, (max-width: 150px) 100vw, 150px\" \/><\/a>\n\t\t\t<\/div><\/figure><figure class='gallery-item'>\n\t\t\t<div class='gallery-icon portrait'>\n\t\t\t\t<a href='https:\/\/gyorgydragoman.com\/?attachment_id=592'><img loading=\"lazy\" decoding=\"async\" width=\"150\" height=\"150\" src=\"https:\/\/gyorgydragoman.com\/wp-content\/Dragoman-Gyorgy-Portrait-300x300.jpg\" class=\"attachment-thumbnail size-thumbnail\" alt=\"\" srcset=\"https:\/\/gyorgydragoman.com\/wp-content\/Dragoman-Gyorgy-Portrait-300x300.jpg 300w, https:\/\/gyorgydragoman.com\/wp-content\/Dragoman-Gyorgy-Portrait-800x800-cropped.jpg 800w\" sizes=\"auto, (max-width: 150px) 100vw, 150px\" \/><\/a>\n\t\t\t<\/div><\/figure><figure class='gallery-item'>\n\t\t\t<div class='gallery-icon portrait'>\n\t\t\t\t<a href='https:\/\/gyorgydragoman.com\/?attachment_id=593'><img loading=\"lazy\" decoding=\"async\" width=\"150\" height=\"150\" src=\"https:\/\/gyorgydragoman.com\/wp-content\/Dragoman-Gyorgy-Smile-300x300.jpg\" class=\"attachment-thumbnail size-thumbnail\" alt=\"\" srcset=\"https:\/\/gyorgydragoman.com\/wp-content\/Dragoman-Gyorgy-Smile-300x300.jpg 300w, https:\/\/gyorgydragoman.com\/wp-content\/Dragoman-Gyorgy-Smile-800x800-cropped.jpg 800w\" sizes=\"auto, (max-width: 150px) 100vw, 150px\" \/><\/a>\n\t\t\t<\/div><\/figure><figure class='gallery-item'>\n\t\t\t<div class='gallery-icon portrait'>\n\t\t\t\t<a href='https:\/\/gyorgydragoman.com\/?attachment_id=594'><img loading=\"lazy\" decoding=\"async\" width=\"150\" height=\"150\" src=\"https:\/\/gyorgydragoman.com\/wp-content\/Dragoman-Gyorgy-Walk-by-Lenke-Szilagyi-300x300.jpg\" class=\"attachment-thumbnail size-thumbnail\" alt=\"\" srcset=\"https:\/\/gyorgydragoman.com\/wp-content\/Dragoman-Gyorgy-Walk-by-Lenke-Szilagyi-300x300.jpg 300w, https:\/\/gyorgydragoman.com\/wp-content\/Dragoman-Gyorgy-Walk-by-Lenke-Szilagyi-600x600-cropped.jpg 600w\" sizes=\"auto, (max-width: 150px) 100vw, 150px\" \/><\/a>\n\t\t\t<\/div><\/figure><figure class='gallery-item'>\n\t\t\t<div class='gallery-icon portrait'>\n\t\t\t\t<a href='https:\/\/gyorgydragoman.com\/?attachment_id=595'><img loading=\"lazy\" decoding=\"async\" width=\"150\" height=\"150\" src=\"https:\/\/gyorgydragoman.com\/wp-content\/Dragoman-Gyorgy-Portrait-3-300x300.jpg\" class=\"attachment-thumbnail size-thumbnail\" alt=\"\" srcset=\"https:\/\/gyorgydragoman.com\/wp-content\/Dragoman-Gyorgy-Portrait-3-300x300.jpg 300w, https:\/\/gyorgydragoman.com\/wp-content\/Dragoman-Gyorgy-Portrait-3-800x800-cropped.jpg 800w\" sizes=\"auto, (max-width: 150px) 100vw, 150px\" \/><\/a>\n\t\t\t<\/div><\/figure>\n\t\t<\/div>\n<br \/>\nA fenti k\u00e9pek a szerz\u0151k felt\u00fcntet\u00e9s\u00e9vel szabadon haszn\u00e1lhat\u00f3ak. (A z\u00f6ld ingeseket Szil\u00e1gyi Lenke k\u00e9sz\u00edtette, a t\u00f6bbit Szab\u00f3 T. Anna, k\u00e9tszer kell klikkelni a maxim\u00e1lis felbont\u00e1shoz.)<\/p>\n<p>Tov\u00e1bbi k\u00e9pek az al\u00e1bbi fot\u00f3sokt\u00f3l v\u00e1s\u00e1rolhat\u00f3ak:<\/p>\n<p><a href=\"http:\/\/www.catolein.com\/\">Cato Lein<\/a><br \/>\n<a href=\"http:\/\/www.laurentdenimal.se\/\">Laurent Denimal<\/a><br \/>\n<a href=\"http:\/\/www.sschleyer.de\/suche\/_swf\/gyoergy_dragoman\/index.html\">Susanne Schleyer<\/a><br \/>\n<a href=\"http:\/\/www.schwichow.de\/\">Ekko von Schwichow<\/a><br \/>\n<a href=\"http:\/\/www.peitschphoto.com\/\">Peter Peitsch<\/a><br \/>\n<a href=\"http:\/\/www.best-foto.com\/\">Bettina Straus<\/a><br \/>\n<a href=\"http:\/\/www.brigitte-friedrich.com\/\">Brigitte Friedrich<\/a><br \/>\n<a href=\"http:\/\/www.publishersmarketplace.com\/members\/MiriamBerkley\/\">Miriam Berkely<\/a><\/p>\n","protected":false},"excerpt":{"rendered":"<p>A fenti k\u00e9pek a szerz\u0151k felt\u00fcntet\u00e9s\u00e9vel szabadon haszn\u00e1lhat\u00f3ak. (A z\u00f6ld ingeseket Szil\u00e1gyi Lenke k\u00e9sz\u00edtette, a t\u00f6bbit Szab\u00f3 T. Anna, k\u00e9tszer kell klikkelni a maxim\u00e1lis felbont\u00e1shoz.) Tov\u00e1bbi k\u00e9pek az al\u00e1bbi fot\u00f3sokt\u00f3l [&hellip;]<\/p>\n","protected":false},"author":1,"featured_media":0,"parent":0,"menu_order":30,"comment_status":"closed","ping_status":"open","template":"","meta":{"footnotes":""},"class_list":["post-60","page","type-page","status-publish","hentry","has_no_thumb"],"_links":{"self":[{"href":"https:\/\/gyorgydragoman.com\/index.php?rest_route=\/wp\/v2\/pages\/60","targetHints":{"allow":["GET"]}}],"collection":[{"href":"https:\/\/gyorgydragoman.com\/index.php?rest_route=\/wp\/v2\/pages"}],"about":[{"href":"https:\/\/gyorgydragoman.com\/index.php?rest_route=\/wp\/v2\/types\/page"}],"author":[{"embeddable":true,"href":"https:\/\/gyorgydragoman.com\/index.php?rest_route=\/wp\/v2\/users\/1"}],"replies":[{"embeddable":true,"href":"https:\/\/gyorgydragoman.com\/index.php?rest_route=%2Fwp%2Fv2%2Fcomments&post=60"}],"version-history":[{"count":3,"href":"https:\/\/gyorgydragoman.com\/index.php?rest_route=\/wp\/v2\/pages\/60\/revisions"}],"predecessor-version":[{"id":611,"href":"https:\/\/gyorgydragoman.com\/index.php?rest_route=\/wp\/v2\/pages\/60\/revisions\/611"}],"wp:attachment":[{"href":"https:\/\/gyorgydragoman.com\/index.php?rest_route=%2Fwp%2Fv2%2Fmedia&parent=60"}],"curies":[{"name":"wp","href":"https:\/\/api.w.org\/{rel}","templated":true}]}}