{"id":77,"date":"2006-06-05T23:54:12","date_gmt":"2006-06-05T22:54:12","guid":{"rendered":"http:\/\/thewhiteking.org\/?page_id=77"},"modified":"2008-03-26T00:56:15","modified_gmt":"2008-03-25T22:56:15","slug":"lebenslauf","status":"publish","type":"page","link":"https:\/\/gyorgydragoman.com\/?page_id=77","title":{"rendered":"Biographie"},"content":{"rendered":"<p>B\u00fccher, Preise und Stipendien<br \/>\n2002 A puszt\u00edt\u00e1s k\u00f6nyve (Das Buch der Zerst\u00f6rung) &#8211; Roman &#8211; Balassi Verlag<br \/>\n2002 Soros-Stipendium<br \/>\nSpezial-Preis des Mozg\u00f3 Vil\u00e1g literary journal<br \/>\nSpezial-Preis des Ungarischen Verteidigungsministeriums f\u00fcr die beste Kurzgeschichte, die das Thema Krieg behandelt<br \/>\n2003 ungarischer Teilnehmer des European First Novel Festival bei der Budapest Book Fair<br \/>\nBrody-Preis f\u00fcr das beste Roman-Debut 2002<br \/>\n\u201eNihil\u201c, erstes Theaterst\u00fcck, wird auf dem P\u00e9cs Drama Festival gelesen<br \/>\nEinladung zur Young PEN conference in der Slowakai<br \/>\n2005 A feh\u00e9r kir\u00e1ly (Der wei\u00dfe K\u00f6nig) &#8211; Roman &#8211; Magvet\u0151 Verlag<br \/>\n2005 D\u00e9ry Tibor-Preis<br \/>\n2006 M\u00e1rai S\u00e1ndor-Preis<br \/>\n2006 Artisjus Stipendium<br \/>\n2006 Akademie der K\u00fcnste, Berlin, Stipendiant vorgeschlagen von Gy\u00f6rgy Konr\u00e1d<br \/>\n2007 J\u00f3zsef Attila-Preis<br \/>\n2008 M\u00e1rciusi Ifjak-Preis<\/p>\n","protected":false},"excerpt":{"rendered":"<p>B\u00fccher, Preise und Stipendien 2002 A puszt\u00edt\u00e1s k\u00f6nyve (Das Buch der Zerst\u00f6rung) &#8211; Roman &#8211; Balassi Verlag 2002 Soros-Stipendium Spezial-Preis des Mozg\u00f3 Vil\u00e1g literary journal Spezial-Preis des Ungarischen Verteidigungsministeriums f\u00fcr [&hellip;]<\/p>\n","protected":false},"author":1,"featured_media":0,"parent":0,"menu_order":10,"comment_status":"closed","ping_status":"open","template":"","meta":{"footnotes":""},"class_list":["post-77","page","type-page","status-publish","hentry","has_no_thumb"],"_links":{"self":[{"href":"https:\/\/gyorgydragoman.com\/index.php?rest_route=\/wp\/v2\/pages\/77","targetHints":{"allow":["GET"]}}],"collection":[{"href":"https:\/\/gyorgydragoman.com\/index.php?rest_route=\/wp\/v2\/pages"}],"about":[{"href":"https:\/\/gyorgydragoman.com\/index.php?rest_route=\/wp\/v2\/types\/page"}],"author":[{"embeddable":true,"href":"https:\/\/gyorgydragoman.com\/index.php?rest_route=\/wp\/v2\/users\/1"}],"replies":[{"embeddable":true,"href":"https:\/\/gyorgydragoman.com\/index.php?rest_route=%2Fwp%2Fv2%2Fcomments&post=77"}],"version-history":[{"count":0,"href":"https:\/\/gyorgydragoman.com\/index.php?rest_route=\/wp\/v2\/pages\/77\/revisions"}],"wp:attachment":[{"href":"https:\/\/gyorgydragoman.com\/index.php?rest_route=%2Fwp%2Fv2%2Fmedia&parent=77"}],"curies":[{"name":"wp","href":"https:\/\/api.w.org\/{rel}","templated":true}]}}