{"id":8,"date":"2007-09-30T20:35:02","date_gmt":"2006-02-04T23:52:25","guid":{"rendered":"http:\/\/thewhiteking.org\/?page_id=8"},"modified":"2014-05-23T17:21:22","modified_gmt":"2014-05-23T15:21:22","slug":"home","status":"publish","type":"page","link":"https:\/\/gyorgydragoman.com\/?page_id=8","title":{"rendered":"Nyit\u00f3lap"},"content":{"rendered":"<h1>\u00dcdv\u00f6zletem!<\/h1>\n<p>\u00dcdv\u00f6zletem! Dragom\u00e1n Gy\u00f6rgy vagyok, ez pedig a honlapom. Olvashat\u00f3k itt a novell\u00e1im, dr\u00e1m\u00e1im, r\u00e9szletek a reg\u00e9nyeimb\u0151l, m\u00e1s kisebb \u00edr\u00e1saim \u00e9s n\u00e9h\u00e1ny ford\u00edt\u00e1som is. \u00d6sszegy\u0171jt\u00f6ttem a k\u00f6nyveimr\u0151l sz\u00fcletett kritik\u00e1kat, a velem k\u00e9sz\u00fclt interj\u00fakat \u00e9s egy\u00e9b velem kapcsolatos \u00edr\u00e1sokat is. Ezenk\u00edv\u00fcl m\u00e9g b\u0151s\u00e9ges hanganyagot is sz\u00e1nd\u00e9kszom feltenni, r\u00e1di\u00f3interj\u00fakat \u00e9s m\u00e1s besz\u00e9lget\u00e9seket p\u00e9ld\u00e1ul, no meg j\u00f3p\u00e1r novella m\u00e1r felker\u00fclt a saj\u00e1t felolvas\u00e1somban. (Mikor elk\u00e9sz\u00fcl\u00f6k egy-egy \u00edr\u00e1ssal, mindig fel szoktam olvasni magamnak, elvileg nincs technikai akad\u00e1lya, hogy r\u00f6gz\u00edtsem \u00e9s feltegyem ide.) Tal\u00e1n valami napl\u00f3 f\u00e9les\u00e9get is \u00edrok majd, b\u00e1r egyel\u0151re m\u00e9g nem l\u00e1tom, hogy hogyan is f\u00e9r majd be az id\u0151mbe. H\u00e1t majd megl\u00e1tjuk. Mindenkinek j\u00f3 olvas\u00e1st!<\/p>\n","protected":false},"excerpt":{"rendered":"<p>\u00dcdv\u00f6zletem! \u00dcdv\u00f6zletem! Dragom\u00e1n Gy\u00f6rgy vagyok, ez pedig a honlapom. Olvashat\u00f3k itt a novell\u00e1im, dr\u00e1m\u00e1im, r\u00e9szletek a reg\u00e9nyeimb\u0151l, m\u00e1s kisebb \u00edr\u00e1saim \u00e9s n\u00e9h\u00e1ny ford\u00edt\u00e1som is. \u00d6sszegy\u0171jt\u00f6ttem a k\u00f6nyveimr\u0151l sz\u00fcletett kritik\u00e1kat, a [&hellip;]<\/p>\n","protected":false},"author":1,"featured_media":0,"parent":0,"menu_order":0,"comment_status":"closed","ping_status":"open","template":"","meta":{"footnotes":""},"class_list":["post-8","page","type-page","status-publish","hentry","has_no_thumb"],"_links":{"self":[{"href":"https:\/\/gyorgydragoman.com\/index.php?rest_route=\/wp\/v2\/pages\/8","targetHints":{"allow":["GET"]}}],"collection":[{"href":"https:\/\/gyorgydragoman.com\/index.php?rest_route=\/wp\/v2\/pages"}],"about":[{"href":"https:\/\/gyorgydragoman.com\/index.php?rest_route=\/wp\/v2\/types\/page"}],"author":[{"embeddable":true,"href":"https:\/\/gyorgydragoman.com\/index.php?rest_route=\/wp\/v2\/users\/1"}],"replies":[{"embeddable":true,"href":"https:\/\/gyorgydragoman.com\/index.php?rest_route=%2Fwp%2Fv2%2Fcomments&post=8"}],"version-history":[{"count":2,"href":"https:\/\/gyorgydragoman.com\/index.php?rest_route=\/wp\/v2\/pages\/8\/revisions"}],"predecessor-version":[{"id":347,"href":"https:\/\/gyorgydragoman.com\/index.php?rest_route=\/wp\/v2\/pages\/8\/revisions\/347"}],"wp:attachment":[{"href":"https:\/\/gyorgydragoman.com\/index.php?rest_route=%2Fwp%2Fv2%2Fmedia&parent=8"}],"curies":[{"name":"wp","href":"https:\/\/api.w.org\/{rel}","templated":true}]}}