{"id":9,"date":"2006-02-05T23:04:53","date_gmt":"2006-02-05T22:04:53","guid":{"rendered":"http:\/\/thewhiteking.org\/?page_id=9"},"modified":"2018-04-09T17:42:04","modified_gmt":"2018-04-09T15:42:04","slug":"kapcsolat","status":"publish","type":"page","link":"https:\/\/gyorgydragoman.com\/?page_id=9","title":{"rendered":"Kapcsolat"},"content":{"rendered":"<p>Magyarorsz\u00e1gi fell\u00e9p\u00e9seimet, felolvas\u00e1saimat <strong>Esz\u00e9ki Erzs\u00e9bet<\/strong> szervezi: erzsebet.eszeki[kukac]gmail.com <\/p>\n<p>Az \u00e9n emailem:<br \/>\ndragoman.gy[kukac]gmail.com<\/p>\n<p>van <a href=\"https:\/\/www.facebook.com\/dragomangy\">Facebook oldalam<\/a>:\u00a0<a href=\"https:\/\/www.facebook.com\/dragomangy\">https:\/\/www.facebook.com\/dragomangy<\/a><\/p>\n<p>\u00e9s egy <a href=\"https:\/\/www.facebook.com\/dragomangy\">k\u00f6vethet\u0151 Facebook profilom<\/a>:\u00a0<a href=\"https:\/\/www.facebook.com\/dragomangy\">https:\/\/www.facebook.com\/dragomangy<\/a><\/p>\n<p>\u00c9s van itt a honlapon egy <a href=\"https:\/\/gyorgydragoman.com\/?p=36\">\u00fczen\u0151fal<\/a> is.<\/p>\n<p>OKTV dolgozatok, h\u00e1zi dolgozatok \u00e9s hasonl\u00f3k \u00fcgy\u00e9ben viszont nem \u00e9rdemes hozz\u00e1m fordulni, ebben nem tudok seg\u00edteni.<br \/>\nHogy mi\u00e9rt? Mert nem ez a dolgom, azok akik a feladatot adt\u00e1k nem az \u00e9n v\u00e9lem\u00e9nyemre k\u00edv\u00e1ncsiak saj\u00e1t magamr\u00f3l. \u00c9n se \u00edrogattam annak idej\u00e9n leveleket Beckettnek vagy Herta M\u00fcllernek vagy Cormac McCarthynak, hogy legyenek olyan kedvesek, mes\u00e9ljenek m\u00e1r valami eredetit a szimb\u00f3lumrendszerr\u0151l amit haszn\u00e1lnak, had id\u00e9zhessem a dolgozatomban, mert milyen j\u00f3l is mutat majd az irodalomjegyz\u00e9kben.<br \/>\nB\u00e1rmi legyen is a k\u00e9rd\u00e9s, a v\u00e1lasznak ott kell lennie az \u00edr\u00e1saimban, az interj\u00faimban, az essz\u00e9imben.<br \/>\nSok sikert!<\/p>\n","protected":false},"excerpt":{"rendered":"<p>Magyarorsz\u00e1gi fell\u00e9p\u00e9seimet, felolvas\u00e1saimat Esz\u00e9ki Erzs\u00e9bet szervezi: erzsebet.eszeki[kukac]gmail.com Az \u00e9n emailem: dragoman.gy[kukac]gmail.com van Facebook oldalam:\u00a0https:\/\/www.facebook.com\/dragomangy \u00e9s egy k\u00f6vethet\u0151 Facebook profilom:\u00a0https:\/\/www.facebook.com\/dragomangy \u00c9s van itt a honlapon egy \u00fczen\u0151fal is. OKTV dolgozatok, h\u00e1zi [&hellip;]<\/p>\n","protected":false},"author":1,"featured_media":0,"parent":0,"menu_order":99,"comment_status":"closed","ping_status":"closed","template":"","meta":{"footnotes":""},"class_list":["post-9","page","type-page","status-publish","hentry","has_no_thumb"],"_links":{"self":[{"href":"https:\/\/gyorgydragoman.com\/index.php?rest_route=\/wp\/v2\/pages\/9","targetHints":{"allow":["GET"]}}],"collection":[{"href":"https:\/\/gyorgydragoman.com\/index.php?rest_route=\/wp\/v2\/pages"}],"about":[{"href":"https:\/\/gyorgydragoman.com\/index.php?rest_route=\/wp\/v2\/types\/page"}],"author":[{"embeddable":true,"href":"https:\/\/gyorgydragoman.com\/index.php?rest_route=\/wp\/v2\/users\/1"}],"replies":[{"embeddable":true,"href":"https:\/\/gyorgydragoman.com\/index.php?rest_route=%2Fwp%2Fv2%2Fcomments&post=9"}],"version-history":[{"count":4,"href":"https:\/\/gyorgydragoman.com\/index.php?rest_route=\/wp\/v2\/pages\/9\/revisions"}],"predecessor-version":[{"id":2024,"href":"https:\/\/gyorgydragoman.com\/index.php?rest_route=\/wp\/v2\/pages\/9\/revisions\/2024"}],"wp:attachment":[{"href":"https:\/\/gyorgydragoman.com\/index.php?rest_route=%2Fwp%2Fv2%2Fmedia&parent=9"}],"curies":[{"name":"wp","href":"https:\/\/api.w.org\/{rel}","templated":true}]}}